{"id":1003,"date":"2025-05-27T20:20:29","date_gmt":"2025-05-27T20:20:29","guid":{"rendered":"https:\/\/helvadesign.ch\/ueber-uns"},"modified":"2025-08-12T17:21:01","modified_gmt":"2025-08-12T17:21:01","slug":"ueber-uns","status":"publish","type":"page","link":"https:\/\/helvadesign.ch\/de\/ueber-uns","title":{"rendered":"\u00dcber uns"},"content":{"rendered":"<div class=\"wpb-content-wrapper\"><p>[vc_row row_height_percent=&#8220;87&#8243; override_padding=&#8220;yes&#8220; h_padding=&#8220;2&#8243; top_padding=&#8220;7&#8243; bottom_padding=&#8220;7&#8243; back_image=&#8220;369&#8243; overlay_alpha=&#8220;0&#8243; gutter_size=&#8220;3&#8243; column_width_percent=&#8220;100&#8243; shift_y=&#8220;0&#8243; z_index=&#8220;0&#8243; bottom_divider=&#8220;gradient&#8220; content_parallax=&#8220;0&#8243; uncode_shortcode_id=&#8220;167265&#8243; back_color_type=&#8220;uncode-solid&#8220; back_color_solid=&#8220;#fef9f3&#8243;][vc_column column_width_percent=&#8220;69&#8243; gutter_size=&#8220;1&#8243; overlay_alpha=&#8220;50&#8243; shift_x=&#8220;0&#8243; shift_y=&#8220;0&#8243; shift_y_down=&#8220;0&#8243; z_index=&#8220;0&#8243; medium_width=&#8220;0&#8243; mobile_width=&#8220;0&#8243; width=&#8220;1\/1&#8243; uncode_shortcode_id=&#8220;635396&#8243;][vc_custom_heading text_color=&#8220;color-596129&#8243; heading_semantic=&#8220;p&#8220; text_size=&#8220;h3&#8243; uncode_shortcode_id=&#8220;174019&#8243; text_color_type=&#8220;uncode-palette&#8220;]DIE GESCHICHTE[\/vc_custom_heading][vc_custom_heading text_color=&#8220;color-xsdn&#8220; heading_semantic=&#8220;h1&#8243; text_size=&#8220;&#8220; text_weight=&#8220;400&#8243; foreword=&#8220;yes&#8220; uncode_shortcode_id=&#8220;621281&#8243; text_color_type=&#8220;uncode-palette&#8220;]<\/p>\n<p class=\"whitespace-normal break-words\">Helva entstand aus einer einfachen \u00dcberzeugung: Wir brauchen mehr langlebige Objekte in einer Welt, die vom Wegwerfprinzip besessen ist. Ich bin Eliah, und ich habe dieses Unternehmen in Lausanne gegr\u00fcndet, weil ich es leid war, M\u00f6bel zu sehen, die nach wenigen Jahren auseinanderfallen, und W\u00e4lder, die in Wegwerfprodukte verwandelt werden. <\/p>\n<p class=\"whitespace-normal break-words\">Unsere moderne Welt dr\u00e4ngt uns zu mehr, schneller, billiger. Ich bin \u00fcberzeugt, dass das Gegenteil sinnvoller ist. Ein gut gemachter Tisch, der Jahrzehnte h\u00e4lt, ist besser als zehn billige Tische, die auf dem M\u00fcll landen. Jedes Helva-St\u00fcck steht f\u00fcr eine Ablehnung der Wegwerfkultur und eine R\u00fcckkehr zu Objekten, die mit dem Alter besser werden.   <\/p>\n<p class=\"whitespace-normal break-words\">Ich arbeite mit meinen H\u00e4nden in unserer Lausanner Werkstatt und nehme mir bewusst Zeit f\u00fcr jedes St\u00fcck. Wir beziehen Eichenholz aus Schweizer W\u00e4ldern, speziell vom S\u00e4gewerk Dutoit in Chavornay, weil es wichtig ist zu wissen, woher Ihre Materialien stammen. Helva wird immer schweizerisch bleiben \u2013 mit Fokus auf lokale Beschaffung, lokales Handwerk und lokale Beziehungen.  <\/p>\n<p class=\"whitespace-normal break-words\">Wir fertigen M\u00f6bel f\u00fcr Menschen, die Wert legen auf Substanz statt Quantit\u00e4t, Authentizit\u00e4t statt Bequemlichkeit und dauerhafte Qualit\u00e4t statt schneller L\u00f6sungen.<\/p>\n<p>[\/vc_custom_heading][\/vc_column][\/vc_row]<\/p>\n<\/div>","protected":false},"excerpt":{"rendered":"<p>[vc_row row_height_percent=&#8220;87&#8243; override_padding=&#8220;yes&#8220; h_padding=&#8220;2&#8243; top_padding=&#8220;7&#8243; bottom_padding=&#8220;7&#8243; back_image=&#8220;369&#8243; overlay_alpha=&#8220;0&#8243; gutter_size=&#8220;3&#8243; column_width_percent=&#8220;100&#8243; shift_y=&#8220;0&#8243; z_index=&#8220;0&#8243; bottom_divider=&#8220;gradient&#8220; content_parallax=&#8220;0&#8243; uncode_shortcode_id=&#8220;167265&#8243; back_color_type=&#8220;uncode-solid&#8220; back_color_solid=&#8220;#fef9f3&#8243;][vc_column column_width_percent=&#8220;69&#8243; gutter_size=&#8220;1&#8243; overlay_alpha=&#8220;50&#8243; [&hellip;]<\/p>\n","protected":false},"author":1,"featured_media":0,"parent":0,"menu_order":0,"comment_status":"closed","ping_status":"closed","template":"","meta":{"footnotes":""},"class_list":["post-1003","page","type-page","status-publish","hentry"],"_links":{"self":[{"href":"https:\/\/helvadesign.ch\/de\/wp-json\/wp\/v2\/pages\/1003","targetHints":{"allow":["GET"]}}],"collection":[{"href":"https:\/\/helvadesign.ch\/de\/wp-json\/wp\/v2\/pages"}],"about":[{"href":"https:\/\/helvadesign.ch\/de\/wp-json\/wp\/v2\/types\/page"}],"author":[{"embeddable":true,"href":"https:\/\/helvadesign.ch\/de\/wp-json\/wp\/v2\/users\/1"}],"replies":[{"embeddable":true,"href":"https:\/\/helvadesign.ch\/de\/wp-json\/wp\/v2\/comments?post=1003"}],"version-history":[{"count":2,"href":"https:\/\/helvadesign.ch\/de\/wp-json\/wp\/v2\/pages\/1003\/revisions"}],"predecessor-version":[{"id":1005,"href":"https:\/\/helvadesign.ch\/de\/wp-json\/wp\/v2\/pages\/1003\/revisions\/1005"}],"wp:attachment":[{"href":"https:\/\/helvadesign.ch\/de\/wp-json\/wp\/v2\/media?parent=1003"}],"curies":[{"name":"wp","href":"https:\/\/api.w.org\/{rel}","templated":true}]}}