{"id":964,"date":"2025-05-27T17:14:05","date_gmt":"2025-05-27T17:14:05","guid":{"rendered":"https:\/\/helvadesign.ch\/startseite"},"modified":"2025-08-12T16:20:22","modified_gmt":"2025-08-12T16:20:22","slug":"startseite","status":"publish","type":"page","link":"https:\/\/helvadesign.ch\/de","title":{"rendered":"Startseite"},"content":{"rendered":"<div class=\"wpb-content-wrapper\"><p>[vc_row row_height_percent=&#8220;67&#8243; back_color=&#8220;accent&#8220; back_image=&#8220;76&#8243; overlay_color=&#8220;color-jevc&#8220; overlay_alpha=&#8220;17&#8243; gutter_size=&#8220;0&#8243; column_width_use_pixel=&#8220;yes&#8220; shift_y=&#8220;0&#8243; z_index=&#8220;0&#8243; content_parallax=&#8220;0&#8243; row_name=&#8220;Welcome&#8220; uncode_shortcode_id=&#8220;106940&#8243; back_color_type=&#8220;uncode-palette&#8220; overlay_color_type=&#8220;uncode-palette&#8220; css=&#8220;.vc_custom_1753455465325{border-right-width: 100px !important;border-left-width: 100px !important;padding-right: 20px !important;padding-left: 20px !important;}&#8220; row_height_pixel=&#8220;500&#8243;][vc_column column_width_use_pixel=&#8220;yes&#8220; position_vertical=&#8220;middle&#8220; align_horizontal=&#8220;align_center&#8220; gutter_size=&#8220;3&#8243; style=&#8220;dark&#8220; overlay_alpha=&#8220;50&#8243; shift_x=&#8220;0&#8243; shift_y=&#8220;0&#8243; shift_y_down=&#8220;0&#8243; z_index=&#8220;0&#8243; medium_width=&#8220;0&#8243; mobile_width=&#8220;0&#8243; width=&#8220;1\/1&#8243; uncode_shortcode_id=&#8220;836264&#8243; css=&#8220;.vc_custom_1753453799362{border-bottom-width: 0px !important;padding-bottom: 0px !important;}&#8220; column_width_pixel=&#8220;700&#8243;][vc_row_inner row_inner_height_percent=&#8220;0&#8243; overlay_alpha=&#8220;50&#8243; gutter_size=&#8220;3&#8243; shift_y=&#8220;0&#8243; z_index=&#8220;0&#8243;][vc_column_inner column_width_percent=&#8220;100&#8243; position_vertical=&#8220;middle&#8220; align_horizontal=&#8220;align_center&#8220; gutter_size=&#8220;3&#8243; style=&#8220;dark&#8220; overlay_alpha=&#8220;50&#8243; shift_x=&#8220;0&#8243; shift_y=&#8220;0&#8243; shift_y_down=&#8220;0&#8243; z_index=&#8220;0&#8243; medium_width=&#8220;0&#8243; mobile_width=&#8220;0&#8243; width=&#8220;1\/1&#8243;][vc_custom_heading text_color=&#8220;color-xsdn&#8220; heading_semantic=&#8220;h1&#8243; text_size=&#8220;h1&#8243; uncode_shortcode_id=&#8220;416939&#8243; text_color_type=&#8220;uncode-palette&#8220;]<i>Tische, Geschichten<\/i>[\/vc_custom_heading][\/vc_column_inner][\/vc_row_inner][\/vc_column][\/vc_row][vc_row unlock_row_content=&#8220;yes&#8220; row_height_percent=&#8220;44&#8243; override_padding=&#8220;yes&#8220; h_padding=&#8220;1&#8243; top_padding=&#8220;1&#8243; bottom_padding=&#8220;0&#8243; back_color=&#8220;color-xsdn&#8220; overlay_alpha=&#8220;0&#8243; gutter_size=&#8220;100&#8243; column_width_percent=&#8220;100&#8243; shift_y=&#8220;0&#8243; z_index=&#8220;0&#8243; content_parallax=&#8220;0&#8243; style=&#8220;inherited&#8220; uncode_shortcode_id=&#8220;124725&#8243; back_color_type=&#8220;uncode-palette&#8220; css=&#8220;.vc_custom_1753984365017{border-left-width: 0px !important;padding-left: 0px !important;}&#8220;][vc_column column_width_use_pixel=&#8220;yes&#8220; position_horizontal=&#8220;left&#8220; position_vertical=&#8220;middle&#8220; gutter_size=&#8220;1&#8243; override_padding=&#8220;yes&#8220; column_padding=&#8220;2&#8243; overlay_alpha=&#8220;0&#8243; shift_x=&#8220;0&#8243; shift_y=&#8220;0&#8243; shift_y_down=&#8220;0&#8243; z_index=&#8220;0&#8243; medium_width=&#8220;0&#8243; align_mobile=&#8220;align_center_mobile&#8220; mobile_width=&#8220;7&#8243; zoom_width=&#8220;0&#8243; zoom_height=&#8220;0&#8243; width=&#8220;1\/1&#8243; column_width_pixel=&#8220;700&#8243; uncode_shortcode_id=&#8220;211223&#8243; css=&#8220;.vc_custom_1753984471703{border-left-width: 0px !important;padding-left: 0px !important;}&#8220;][vc_column_text text_color=&#8220;color-jevc&#8220; uncode_shortcode_id=&#8220;196561&#8243; text_color_type=&#8220;uncode-palette&#8220; el_class=&#8220;custom-text&#8220;]<\/p>\n<h2 style=\"text-align: left;\">Handwerklich in Lausanne aus Schweizer Eiche gefertigt, stellen unsere Couchtische eine R\u00fcckkehr zu authentischen Materialien und durchdachtem Design dar. Jedes St\u00fcck ist daf\u00fcr konzipiert, Generationen zu \u00fcberdauern \u2013 denn die Welt braucht mehr M\u00f6bel, die mit Sorgfalt gefertigt werden.<\/h2>\n<p>[\/vc_column_text][\/vc_column][\/vc_row][vc_row row_height_percent=&#8220;0&#8243; override_padding=&#8220;yes&#8220; h_padding=&#8220;2&#8243; top_padding=&#8220;0&#8243; bottom_padding=&#8220;4&#8243; overlay_alpha=&#8220;50&#8243; gutter_size=&#8220;3&#8243; column_width_percent=&#8220;100&#8243; shift_y=&#8220;0&#8243; z_index=&#8220;0&#8243; content_parallax=&#8220;0&#8243; uncode_shortcode_id=&#8220;372823&#8243; back_color_type=&#8220;uncode-solid&#8220; back_color_solid=&#8220;#ffffff&#8220;][vc_column column_width_percent=&#8220;100&#8243; gutter_size=&#8220;3&#8243; overlay_alpha=&#8220;50&#8243; shadow=&#8220;sm&#8220; shift_x=&#8220;0&#8243; shift_y=&#8220;0&#8243; shift_y_down=&#8220;0&#8243; z_index=&#8220;0&#8243; medium_width=&#8220;0&#8243; mobile_width=&#8220;0&#8243; width=&#8220;1\/2&#8243; uncode_shortcode_id=&#8220;497813&#8243; back_color_type=&#8220;uncode-solid&#8220; back_color_solid=&#8220;#ffffff&#8220;][vc_gallery el_id=&#8220;gallery-745074&#8243; type=&#8220;carousel&#8220; medias=&#8220;78,81,77,72&#8243; carousel_lg=&#8220;1&#8243; carousel_md=&#8220;1&#8243; carousel_sm=&#8220;1&#8243; gutter_size=&#8220;3&#8243; carousel_interval=&#8220;0&#8243; carousel_navspeed=&#8220;400&#8243; carousel_loop=&#8220;yes&#8220; carousel_nav=&#8220;yes&#8220; carousel_nav_mobile=&#8220;yes&#8220; carousel_nav_skin=&#8220;dark&#8220; carousel_dots=&#8220;yes&#8220; carousel_dots_space=&#8220;yes&#8220; carousel_dots_mobile=&#8220;yes&#8220; carousel_dots_inside=&#8220;yes&#8220; carousel_dot_padding=&#8220;2&#8243; stage_padding=&#8220;0&#8243; single_overlay_opacity=&#8220;50&#8243; single_overlay_anim=&#8220;no&#8220; single_text_anim=&#8220;no&#8220; single_image_anim=&#8220;no&#8220; single_padding=&#8220;2&#8243; lbox_skin=&#8220;white&#8220; uncode_shortcode_id=&#8220;200244&#8243;][vc_custom_heading heading_semantic=&#8220;h4&#8243; text_size=&#8220;&#8220; uncode_shortcode_id=&#8220;487417&#8243; text_color_type=&#8220;uncode-solid&#8220; text_color_solid=&#8220;#2c2c2c&#8220;]<\/p>\n<h3>Die Gro\u00dfe Helva<\/h3>\n<p><em>Konzipiert f\u00fcr gro\u00dfz\u00fcgige R\u00e4ume<\/em>[\/vc_custom_heading][vc_column_text uncode_shortcode_id=&#8220;191443&#8243;]Aus massiver Schweizer Eiche gefertigt, bietet die Major eine gro\u00dfz\u00fcgige Oberfl\u00e4che f\u00fcr die bedeutsamen Momente des Lebens. Ihre substanzielle 30 kg schwere Konstruktion garantiert dauerhafte Stabilit\u00e4t, wobei der authentische Charakter erhalten bleibt, der jedes St\u00fcck einzigartig macht.[\/vc_column_text][vc_button button_color=&#8220;color-jevc&#8220; shadow=&#8220;yes&#8220; border_width=&#8220;0&#8243; uncode_shortcode_id=&#8220;871705&#8243; link=&#8220;url:https%3A%2F%2Fhelvadesign.ch%2Fla-grande-helva|title:Die%20gro%C3%9Fe%20Helva|&#8220; button_color_type=&#8220;uncode-palette&#8220;]Entdecken Sie die Gro\u00dfe Helva[\/vc_button][\/vc_column][vc_column column_width_percent=&#8220;100&#8243; gutter_size=&#8220;3&#8243; overlay_alpha=&#8220;50&#8243; shadow=&#8220;sm&#8220; shift_x=&#8220;0&#8243; shift_y=&#8220;0&#8243; shift_y_down=&#8220;0&#8243; z_index=&#8220;0&#8243; medium_width=&#8220;0&#8243; mobile_width=&#8220;0&#8243; width=&#8220;1\/2&#8243; uncode_shortcode_id=&#8220;150074&#8243; back_color_type=&#8220;uncode-solid&#8220; back_color_solid=&#8220;#ffffff&#8220;][vc_gallery el_id=&#8220;gallery-205143&#8243; type=&#8220;carousel&#8220; medias=&#8220;74,77,78,72&#8243; carousel_lg=&#8220;1&#8243; carousel_md=&#8220;1&#8243; carousel_sm=&#8220;1&#8243; gutter_size=&#8220;3&#8243; carousel_interval=&#8220;0&#8243; carousel_navspeed=&#8220;400&#8243; carousel_loop=&#8220;yes&#8220; carousel_nav=&#8220;yes&#8220; carousel_nav_mobile=&#8220;yes&#8220; carousel_nav_skin=&#8220;dark&#8220; carousel_dots=&#8220;yes&#8220; carousel_dots_space=&#8220;yes&#8220; carousel_dots_mobile=&#8220;yes&#8220; carousel_dots_inside=&#8220;yes&#8220; carousel_dot_padding=&#8220;2&#8243; stage_padding=&#8220;0&#8243; single_overlay_opacity=&#8220;50&#8243; single_overlay_anim=&#8220;no&#8220; single_image_anim=&#8220;no&#8220; single_padding=&#8220;2&#8243; uncode_shortcode_id=&#8220;239336&#8243;][vc_custom_heading heading_semantic=&#8220;h4&#8243; text_size=&#8220;&#8220; uncode_shortcode_id=&#8220;200754&#8243; text_color_type=&#8220;uncode-solid&#8220; text_color_solid=&#8220;#2c2c2c&#8220;]<\/p>\n<h3>Die Kleine Helva<\/h3>\n<p><em>Konzipiert f\u00fcr intime R\u00e4ume<\/em>[\/vc_custom_heading][vc_column_text uncode_shortcode_id=&#8220;131422&#8243; css=&#8220;.vc_custom_1755015621466{padding-bottom: 25px !important;}&#8220;]Die gleiche authentische Handwerkskunst aus Schweizer Eiche in einer kompakteren Form. Perfekt f\u00fcr pers\u00f6nliche Momente und kleinere Wohnr\u00e4ume, bietet die solide 25 kg schwere Konstruktion der Minor die hochwertige Qualit\u00e4t, die Sie in durchdachten Proportionen erwarten.[\/vc_column_text][vc_button button_color=&#8220;color-jevc&#8220; border_width=&#8220;0&#8243; link=&#8220;url:https%3A%2F%2Fhelvadesign.ch%2Fla-petite-helva|title:Die%20kleine%20Helva|&#8220; uncode_shortcode_id=&#8220;135965&#8243; button_color_type=&#8220;uncode-palette&#8220;]Entdecken Sie die Kleine Helva[\/vc_button][\/vc_column][\/vc_row]<\/p>\n<\/div>","protected":false},"excerpt":{"rendered":"<p>[vc_row row_height_percent=&#8220;67&#8243; back_color=&#8220;accent&#8220; back_image=&#8220;76&#8243; overlay_color=&#8220;color-jevc&#8220; overlay_alpha=&#8220;17&#8243; gutter_size=&#8220;0&#8243; column_width_use_pixel=&#8220;yes&#8220; shift_y=&#8220;0&#8243; z_index=&#8220;0&#8243; content_parallax=&#8220;0&#8243; row_name=&#8220;Welcome&#8220; uncode_shortcode_id=&#8220;106940&#8243; back_color_type=&#8220;uncode-palette&#8220; overlay_color_type=&#8220;uncode-palette&#8220; css=&#8220;.vc_custom_1753455465325{border-right-width: 100px !important;border-left-width: 100px !important;padding-right: [&hellip;]<\/p>\n","protected":false},"author":1,"featured_media":0,"parent":0,"menu_order":0,"comment_status":"closed","ping_status":"closed","template":"","meta":{"footnotes":""},"class_list":["post-964","page","type-page","status-publish","hentry"],"_links":{"self":[{"href":"https:\/\/helvadesign.ch\/de\/wp-json\/wp\/v2\/pages\/964","targetHints":{"allow":["GET"]}}],"collection":[{"href":"https:\/\/helvadesign.ch\/de\/wp-json\/wp\/v2\/pages"}],"about":[{"href":"https:\/\/helvadesign.ch\/de\/wp-json\/wp\/v2\/types\/page"}],"author":[{"embeddable":true,"href":"https:\/\/helvadesign.ch\/de\/wp-json\/wp\/v2\/users\/1"}],"replies":[{"embeddable":true,"href":"https:\/\/helvadesign.ch\/de\/wp-json\/wp\/v2\/comments?post=964"}],"version-history":[{"count":15,"href":"https:\/\/helvadesign.ch\/de\/wp-json\/wp\/v2\/pages\/964\/revisions"}],"predecessor-version":[{"id":979,"href":"https:\/\/helvadesign.ch\/de\/wp-json\/wp\/v2\/pages\/964\/revisions\/979"}],"wp:attachment":[{"href":"https:\/\/helvadesign.ch\/de\/wp-json\/wp\/v2\/media?parent=964"}],"curies":[{"name":"wp","href":"https:\/\/api.w.org\/{rel}","templated":true}]}}