{"id":980,"date":"2025-07-25T15:38:30","date_gmt":"2025-07-25T15:38:30","guid":{"rendered":"https:\/\/helvadesign.ch\/die-grosse-helva"},"modified":"2025-08-12T17:08:28","modified_gmt":"2025-08-12T17:08:28","slug":"die-grosse-helva","status":"publish","type":"page","link":"https:\/\/helvadesign.ch\/de\/die-grosse-helva","title":{"rendered":"Die gro\u00dfe Helva"},"content":{"rendered":"<div class=\"wpb-content-wrapper\"><p>[vc_row unlock_row_content=&#8220;yes&#8220; row_height_percent=&#8220;0&#8243; overlay_alpha=&#8220;50&#8243; gutter_size=&#8220;3&#8243; column_width_percent=&#8220;100&#8243; shift_y=&#8220;0&#8243; z_index=&#8220;0&#8243; content_parallax=&#8220;0&#8243; uncode_shortcode_id=&#8220;706609&#8243;][vc_column width=&#8220;1\/1&#8243;]<div class=\"woocommerce\"><\/div><div class=\"woocommerce\">\t\t\t<div class=\"single-product\" data-product-page-preselected-id=\"0\">\n\t\t\t\t\n<div class=\"woocommerce-notices-wrapper\"><\/div>\n<div class=\"product type-product post-989 status-publish first instock product_cat-die-kleine-helva product_tag-die-kleine-helva has-post-thumbnail shipping-taxable purchasable product-type-simple\">\n\t<div class=\"row-container\">\n\t\t<div class=\"row row-parent col-std-gutter double-top-padding double-bottom-padding \" >\n\t\t\t<div class=\"row-inner\">\n\t\t\t\t<div class=\"col-lg-6\">\n\t\t\t\t\t<div class=\"uncol\">\n\t\t\t\t\t\t<div class=\"uncoltable\">\n\t\t\t\t\t\t\t<div class=\"uncell\">\n\t\t\t\t\t\t\t\t<div class=\"uncont\">\n\t\t\t\t\t\t\t\t\t\t\n<div class=\"uncode-wrapper uncode-single-product-gallery\">\n\n\n<div class=\"woocommerce-product-gallery woocommerce-product-gallery--with-images woocommerce-product-gallery--columns-3 woocommerce-layout-images- images woocommerce-product-gallery--zoom-disabled\" data-columns=\"3\" style=\"opacity: 0; transition: opacity .05s ease-in-out;\" data-gallery-options=\"{&quot;globals&quot;:{&quot;vc_column_inner_width&quot;:null},&quot;default_images&quot;:[81,869,860,866]}\">\n\t\t\t<div class=\"woocommerce-product-gallery__wrapper\" data-skin=\"black\">\n\n\t<div class=\"woocommerce-product-gallery__image woocommerce-product-gallery__image-first\"><span class=\"zoom-overlay\"><\/span><a  role=\"button\" href=\"https:\/\/helvadesign.ch\/wp-content\/uploads\/2025\/05\/test8_00090004-1-scaled.jpg\" itemprop=\"image\" class=\"woocommerce-main-image\" data-transparency=\"transparent\" data-counter=\"on\" data-caption=\"\" data-options=\"thumbnail: 'https:\/\/helvadesign.ch\/wp-content\/uploads\/2025\/05\/test8_00090004-1-scaled-uai-1707x1707.jpg'\" data-lbox=\"ilightbox_gallery-480911\" data-lb-index=\"0\"><img decoding=\"async\" width=\"2560\" height=\"1707\" src=\"https:\/\/helvadesign.ch\/wp-content\/uploads\/2025\/05\/test8_00090004-1-scaled.jpg\" class=\"woocommerce-product-gallery__image-first__img wp-post-image\" alt=\"\" data-src=\"https:\/\/helvadesign.ch\/wp-content\/uploads\/2025\/05\/test8_00090004-1-scaled.jpg\" data-caption=\"test8_00090004\" data-large_image=\"https:\/\/helvadesign.ch\/wp-content\/uploads\/2025\/05\/test8_00090004-1-scaled.jpg\" data-large_image_width=\"2560\" data-large_image_height=\"1707\" srcset=\"https:\/\/helvadesign.ch\/wp-content\/uploads\/2025\/05\/test8_00090004-1-scaled.jpg 2560w, https:\/\/helvadesign.ch\/wp-content\/uploads\/2025\/05\/test8_00090004-1-scaled-600x400.jpg 600w, https:\/\/helvadesign.ch\/wp-content\/uploads\/2025\/05\/test8_00090004-1-300x200.jpg 300w, https:\/\/helvadesign.ch\/wp-content\/uploads\/2025\/05\/test8_00090004-1-1024x683.jpg 1024w, https:\/\/helvadesign.ch\/wp-content\/uploads\/2025\/05\/test8_00090004-1-768x512.jpg 768w, https:\/\/helvadesign.ch\/wp-content\/uploads\/2025\/05\/test8_00090004-1-1536x1024.jpg 1536w, https:\/\/helvadesign.ch\/wp-content\/uploads\/2025\/05\/test8_00090004-1-2048x1365.jpg 2048w, https:\/\/helvadesign.ch\/wp-content\/uploads\/2025\/05\/test8_00090004-1-350x233.jpg 350w, https:\/\/helvadesign.ch\/wp-content\/uploads\/2025\/05\/test8_00090004-1-scaled-uai-720x480.jpg 720w, https:\/\/helvadesign.ch\/wp-content\/uploads\/2025\/05\/test8_00090004-1-scaled-uai-1032x688.jpg 1032w\" sizes=\"(max-width: 2560px) 100vw, 2560px\" \/><\/a><\/div>\n\t<div class=\"thumbnails\"><div class=\"woocommerce-product-gallery__image\"\"><span class=\"zoom-overlay\"><\/span><a role=\"button\" href=\"https:\/\/helvadesign.ch\/wp-content\/uploads\/2025\/05\/test8_00090004-1-scaled.jpg\" class=\"zoom\" data-options=\"thumbnail: 'https:\/\/helvadesign.ch\/wp-content\/uploads\/2025\/05\/test8_00090004-1-scaled-uai-1707x1707.jpg'\" data-lbox=\"ilightbox_gallery-480911\" data-lb-index=\"1\" data-caption=\"\"><img decoding=\"async\" width=\"2560\" height=\"1707\" src=\"https:\/\/helvadesign.ch\/wp-content\/uploads\/2025\/05\/test8_00090004-1-scaled.jpg\" class=\"attachment-full size-full\" alt=\"\" data-caption=\"\" data-src=\"https:\/\/helvadesign.ch\/wp-content\/uploads\/2025\/05\/test8_00090004-1-scaled.jpg\" data-large_image=\"https:\/\/helvadesign.ch\/wp-content\/uploads\/2025\/05\/test8_00090004-1-scaled.jpg\" data-large_image_width=\"2560\" data-large_image_height=\"1707\" srcset=\"https:\/\/helvadesign.ch\/wp-content\/uploads\/2025\/05\/test8_00090004-1-scaled.jpg 2560w, https:\/\/helvadesign.ch\/wp-content\/uploads\/2025\/05\/test8_00090004-1-scaled-600x400.jpg 600w, https:\/\/helvadesign.ch\/wp-content\/uploads\/2025\/05\/test8_00090004-1-300x200.jpg 300w, https:\/\/helvadesign.ch\/wp-content\/uploads\/2025\/05\/test8_00090004-1-1024x683.jpg 1024w, https:\/\/helvadesign.ch\/wp-content\/uploads\/2025\/05\/test8_00090004-1-768x512.jpg 768w, https:\/\/helvadesign.ch\/wp-content\/uploads\/2025\/05\/test8_00090004-1-1536x1024.jpg 1536w, https:\/\/helvadesign.ch\/wp-content\/uploads\/2025\/05\/test8_00090004-1-2048x1365.jpg 2048w, https:\/\/helvadesign.ch\/wp-content\/uploads\/2025\/05\/test8_00090004-1-350x233.jpg 350w, https:\/\/helvadesign.ch\/wp-content\/uploads\/2025\/05\/test8_00090004-1-scaled-uai-720x480.jpg 720w, https:\/\/helvadesign.ch\/wp-content\/uploads\/2025\/05\/test8_00090004-1-scaled-uai-1032x688.jpg 1032w\" sizes=\"(max-width: 2560px) 100vw, 2560px\" \/><\/a><\/div><div class=\"woocommerce-product-gallery__image\"\"><span class=\"zoom-overlay\"><\/span><a role=\"button\" href=\"https:\/\/helvadesign.ch\/wp-content\/uploads\/2025\/05\/test_11_00090002-1-scaled.jpg\" class=\"zoom\" data-options=\"thumbnail: 'https:\/\/helvadesign.ch\/wp-content\/uploads\/2025\/05\/test_11_00090002-1-scaled-uai-1707x1707.jpg'\" data-lbox=\"ilightbox_gallery-480911\" data-lb-index=\"2\" data-caption=\"\"><img decoding=\"async\" width=\"2560\" height=\"1707\" src=\"https:\/\/helvadesign.ch\/wp-content\/uploads\/2025\/05\/test_11_00090002-1-scaled.jpg\" class=\"attachment-full size-full\" alt=\"\" data-caption=\"\" data-src=\"https:\/\/helvadesign.ch\/wp-content\/uploads\/2025\/05\/test_11_00090002-1-scaled.jpg\" data-large_image=\"https:\/\/helvadesign.ch\/wp-content\/uploads\/2025\/05\/test_11_00090002-1-scaled.jpg\" data-large_image_width=\"2560\" data-large_image_height=\"1707\" srcset=\"https:\/\/helvadesign.ch\/wp-content\/uploads\/2025\/05\/test_11_00090002-1-scaled.jpg 2560w, https:\/\/helvadesign.ch\/wp-content\/uploads\/2025\/05\/test_11_00090002-1-scaled-600x400.jpg 600w, https:\/\/helvadesign.ch\/wp-content\/uploads\/2025\/05\/test_11_00090002-1-300x200.jpg 300w, https:\/\/helvadesign.ch\/wp-content\/uploads\/2025\/05\/test_11_00090002-1-1024x683.jpg 1024w, https:\/\/helvadesign.ch\/wp-content\/uploads\/2025\/05\/test_11_00090002-1-768x512.jpg 768w, https:\/\/helvadesign.ch\/wp-content\/uploads\/2025\/05\/test_11_00090002-1-1536x1024.jpg 1536w, https:\/\/helvadesign.ch\/wp-content\/uploads\/2025\/05\/test_11_00090002-1-2048x1365.jpg 2048w, https:\/\/helvadesign.ch\/wp-content\/uploads\/2025\/05\/test_11_00090002-1-350x233.jpg 350w\" sizes=\"(max-width: 2560px) 100vw, 2560px\" \/><\/a><\/div><div class=\"woocommerce-product-gallery__image\"\"><span class=\"zoom-overlay\"><\/span><a role=\"button\" href=\"https:\/\/helvadesign.ch\/wp-content\/uploads\/2025\/05\/test5_00090001-1-scaled.jpg\" class=\"zoom\" data-options=\"thumbnail: 'https:\/\/helvadesign.ch\/wp-content\/uploads\/2025\/05\/test5_00090001-1-scaled-uai-1707x1707.jpg'\" data-lbox=\"ilightbox_gallery-480911\" data-lb-index=\"3\" data-caption=\"\"><img decoding=\"async\" width=\"2560\" height=\"1707\" src=\"https:\/\/helvadesign.ch\/wp-content\/uploads\/2025\/05\/test5_00090001-1-scaled.jpg\" class=\"attachment-full size-full\" alt=\"\" data-caption=\"\" data-src=\"https:\/\/helvadesign.ch\/wp-content\/uploads\/2025\/05\/test5_00090001-1-scaled.jpg\" data-large_image=\"https:\/\/helvadesign.ch\/wp-content\/uploads\/2025\/05\/test5_00090001-1-scaled.jpg\" data-large_image_width=\"2560\" data-large_image_height=\"1707\" srcset=\"https:\/\/helvadesign.ch\/wp-content\/uploads\/2025\/05\/test5_00090001-1-scaled.jpg 2560w, https:\/\/helvadesign.ch\/wp-content\/uploads\/2025\/05\/test5_00090001-1-scaled-600x400.jpg 600w, https:\/\/helvadesign.ch\/wp-content\/uploads\/2025\/05\/test5_00090001-1-300x200.jpg 300w, https:\/\/helvadesign.ch\/wp-content\/uploads\/2025\/05\/test5_00090001-1-1024x683.jpg 1024w, https:\/\/helvadesign.ch\/wp-content\/uploads\/2025\/05\/test5_00090001-1-768x512.jpg 768w, https:\/\/helvadesign.ch\/wp-content\/uploads\/2025\/05\/test5_00090001-1-1536x1024.jpg 1536w, https:\/\/helvadesign.ch\/wp-content\/uploads\/2025\/05\/test5_00090001-1-2048x1365.jpg 2048w, https:\/\/helvadesign.ch\/wp-content\/uploads\/2025\/05\/test5_00090001-1-350x233.jpg 350w\" sizes=\"(max-width: 2560px) 100vw, 2560px\" \/><\/a><\/div><\/div>\n\t<\/div>\n<\/div>\n\n\n<\/div>\t\t\t\t\t\t\t\t<\/div>\n\t\t\t\t\t\t\t<\/div>\n\t\t\t\t\t\t<\/div>\n\t\t\t\t\t<\/div>\n\t\t\t\t<\/div>\n\t\t\t\t<div class=\"col-lg-6\">\n\t\t\t\t\t<div class=\"uncol\">\n\t\t\t\t\t\t<div class=\"uncoltable\">\n\t\t\t\t\t\t\t<div class=\"uncell\">\n\t\t\t\t\t\t\t\t<div class=\"uncont\">\n\t\t\t\t\t\t\t\t\t<h1 class=\"product_title entry-title\">DIE KLEINE HELVA<\/h1><div class=\"price-container\">\n\n\t<span class=\"price\"><ins class=\"h3\"><span class=\"woocommerce-Price-amount amount\"><span class=\"woocommerce-Price-currencySymbol\">&#067;&#072;&#070;<\/span>&nbsp;300.00<\/span><\/ins><\/span>\n\n<\/div>\n<div class=\"woocommerce-product-details__short-description\">\n\t<p>Kompakt und doch robust, gefertigt aus derselben massiven Schweizer Eiche wie unsere Gro\u00dfe Helva. Ideal f\u00fcr intime R\u00e4ume, Leseecken oder als elegantes Akzentst\u00fcck. Dieselbe authentische Konstruktion und nat\u00fcrliche Oberfl\u00e4che in einem pers\u00f6nlicheren Ma\u00dfstab.  <\/p>\n<\/div>\n\n\n\n\t\n\t\n\t<form class=\"cart\" action=\"\" method=\"post\" enctype='multipart\/form-data'>\n\t \t\n\t \t\n\t \t<div class=\"quantity\">\n\t\t\t\t\t<label class=\"screen-reader-text\" for=\"quantity_69fc8e2be2834\">DIE KLEINE HELVA Menge<\/label><input\n\t\t\ttype=\"number\"\n\t\t\t\t\t\tid=\"quantity_69fc8e2be2834\"\n\t\t\tclass=\"input-text qty text \"\n\t\t\tname=\"quantity\"\n\t\t\tvalue=\"1\"\n\t\t\taria-label=\"Produktmenge\"\n\t\t\tsize=\"4\"\n\t\t\tmin=\"1\"\n\t\t\tmax=\"\"\n\t\t\t\t\t\t\tstep=\"1\"\n\t\t\t\tplaceholder=\"\"\n\t\t\t\tinputmode=\"numeric\"\n\t\t\t\tautocomplete=\"off\"\n\t\t\t\t\t\/>\t\t<\/div>\n\n\t \t\n\t \t<button type=\"submit\" name=\"add-to-cart\" data-product_id=\"989\" data-product_sku=\"\" data-quantity=\"1\" class=\"add_to_cart_button btn-default single_add_to_cart_button button alt btn product_type_simple  \" value=\"989\"><span class=\"add_to_cart_text\">In den Warenkorb<\/span><span class=\"view-cart added_to_cart\"><\/span><\/button>\n\t<\/form>\n\n\t\n\n\n<hr \/>\n<div class=\"product_meta\">\n\t<p>\n\t\n\t\n\t<span class=\"posted_in detail-container\"><span class=\"detail-label\">Kategorie<\/span><span class=\"detail-value\"> <a href=\"https:\/\/helvadesign.ch\/de\/product-category\/die-kleine-helva\" rel=\"tag\">Die kleine Helva<\/a><\/span><\/span>\n\t<span class=\"tagged_as detail-container\"><span class=\"detail-label\">Schlagwort<\/span><span class=\"detail-value\"> <a href=\"https:\/\/helvadesign.ch\/de\/product-tag\/die-kleine-helva\" rel=\"tag\">Die kleine Helva<\/a><\/span><\/span>\n\t<span class=\"branded_as detail-container\"><span class=\"detail-label\">Marke<\/span><span class=\"detail-value\"> <a href=\"https:\/\/helvadesign.ch\/Marke\/helva\" rel=\"tag\">Helva<\/a><\/span><\/span>\n\t\t<\/p>\n<\/div>\n\t\t\t\t\t\t\t\t<\/div>\n\t\t\t\t\t\t\t<\/div>\n\t\t\t\t\t\t<\/div>\n\t\t\t\t\t<\/div>\n\t\t\t\t<\/div>\n\t\t\t<\/div>\n\t\t<\/div>\n\t<\/div>\n<\/div>\n<div class=\"row-container\">\n\t\t  \t\t\t\t\t<div class=\"row row-parent style- no-top-padding no-h-padding no-bottom-padding\">\n\t\t\t\t\t\t\t\t\t\n\t<div class=\"tab-container wootabs\">\n\t\t<ul class=\"nav nav-tabs single-h-padding text-center\" >\n\t\t\t\n\t\t\t\t<li role=\"presentation\" class=\"additional_information_tab active\" id=\"tab-title-additional_information\">\n\t\t\t\t\t<a href=\"#tab-additional_information-989\" data-toggle=\"tab\" role=\"tab\" aria-controls=\"tab-additional_information\"><span>Zus\u00e4tzliche Informationen<\/span><\/a>\n\t\t\t\t<\/li>\n\n\t\t\t\t\t<\/ul>\n\t\t<div class=\"tab-content\">\n\t\t\t\t\t\t<div class=\"tab-pane fade single-h-padding half-internal-gutter single-block-padding active in\" id=\"tab-additional_information-989\" >\n\t\t\t\t\t\n<div class=\"product-tab\">\n\t<h5 class=\"product-tab-title\">Zus\u00e4tzliche Informationen<\/h5>\n\n<table class=\"woocommerce-product-attributes shop_attributes\" aria-label=\"Produktdetails\">\n\t\t\t<tr class=\"woocommerce-product-attributes-item woocommerce-product-attributes-item--weight\">\n\t\t\t<th class=\"woocommerce-product-attributes-item__label\" scope=\"row\">Gewicht<\/th>\n\t\t\t<td class=\"woocommerce-product-attributes-item__value\">30 kg<\/td>\n\t\t<\/tr>\n\t\t\t<tr class=\"woocommerce-product-attributes-item woocommerce-product-attributes-item--dimensions\">\n\t\t\t<th class=\"woocommerce-product-attributes-item__label\" scope=\"row\">Gr\u00f6\u00dfe<\/th>\n\t\t\t<td class=\"woocommerce-product-attributes-item__value\">80 &times; 32 &times; 20 cm<\/td>\n\t\t<\/tr>\n\t<\/table>\n<\/div>\n\t\t\t\t<\/div>\n\t\t\t\n\t\t\t\t\t\t<\/div>\n\t<\/div>\n\n\n\t\t\t\t\t\t\t\t<\/div>\n\t\t\t\t\t\t\t<\/div>\t\t\t<\/div>\n\t\t\t<\/div>[\/vc_column][\/vc_row][vc_row][vc_column column_width_percent=&#8220;60&#8243; gutter_size=&#8220;3&#8243; overlay_alpha=&#8220;50&#8243; shift_x=&#8220;0&#8243; shift_y=&#8220;0&#8243; shift_y_down=&#8220;0&#8243; z_index=&#8220;0&#8243; medium_width=&#8220;0&#8243; mobile_width=&#8220;0&#8243; width=&#8220;1\/1&#8243; uncode_shortcode_id=&#8220;177660&#8243;][vc_tabs][vc_tab gutter_size=&#8220;2&#8243; column_padding=&#8220;2&#8243; title=&#8220;Beschreibung&#8220; tab_id=&#8220;1753458908-1-99&#8243;][vc_column_text text_color=&#8220;color-jevc&#8220; uncode_shortcode_id=&#8220;111801&#8243; text_color_type=&#8220;uncode-palette&#8220;]<\/p>\n<div class=\"flex-1 flex flex-col gap-3 px-4 max-w-3xl mx-auto w-full pt-1\">\n<div data-test-render-count=\"1\">\n<div class=\"group relative -tracking-[0.015em] pb-3\" data-is-streaming=\"false\">\n<div class=\"font-claude-message relative leading-[1.65rem] [&amp;_pre&lt;encoded_tag_closed \/&gt;div]:bg-bg-000\/50 [&amp;_pre&lt;encoded_tag_closed \/&gt;div]:border-0.5 [&amp;_pre&lt;encoded_tag_closed \/&gt;div]:border-border-400 [&amp;_.ignore-pre-bg&lt;encoded_tag_closed \/&gt;div]:bg-transparent [&amp;&lt;encoded_tag_closed \/&gt;div&lt;encoded_tag_closed \/&gt;div&lt;encoded_tag_closed \/&gt;:is(p,blockquote,h1,h2,h3,h4,h5,h6)]:pl-2 [&amp;&lt;encoded_tag_closed \/&gt;div&lt;encoded_tag_closed \/&gt;div&lt;encoded_tag_closed \/&gt;:is(p,blockquote,ul,ol,h1,h2,h3,h4,h5,h6)]:pr-8\">\n<div class=\"grid-cols-1 grid gap-2.5 [&amp;_&lt;encoded_tag_closed \/&gt;_*]:min-w-0\">\n<p class=\"whitespace-normal break-words\">Die Grande Helva wird aus massivem Schweizer Eichenholz aus der S\u00e4gerei Dutoit in Chavornay gefertigt. Jeder Tisch unterstreicht den nat\u00fcrlichen Charakter des Holzes dank eines einfachen Schliffs, der die authentische Maserung und Farbe bewahrt.<\/p>\n<p class=\"whitespace-normal break-words\">Inspiriert von nordischen Designprinzipien, zeichnet sich die Grande durch klare Linien und eine durchgehende St\u00e4rke von 28 mm aus. Ihre 70 \u00d7 31 cm gro\u00dfe Oberfl\u00e4che bietet Platz f\u00fcr Kaffee, Tee, B\u00fccher, Pflanzen oder allt\u00e4gliche Notwendigkeiten, w\u00e4hrend ihre H\u00f6he von 24,3 cm gut zu Standard-Sitzgelegenheiten passt.<\/p>\n<p class=\"whitespace-normal break-words\">Das Gewicht des Tisches von 30 kg spiegelt seine Massivholzkonstruktion wider \u2013 kein Furnier oder Abk\u00fcrzungen. Diese massive Bauweise garantiert Stabilit\u00e4t und Langlebigkeit. Eine transparente, matte Zweikomponenten-Oberfl\u00e4che sch\u00fctzt das Holz und bewahrt gleichzeitig seine nat\u00fcrliche Atmungsaktivit\u00e4t und authentische Optik.<\/p>\n<p class=\"whitespace-normal break-words\">Jeder Tisch ist ein Unikat, mit nat\u00fcrlichen Maserungen und Merkmalen, die von den Produktbildern abweichen k\u00f6nnen. Der Tisch wird vollst\u00e4ndig montiert und gebrauchsfertig geliefert. Bei richtiger Pflege, einschlie\u00dflich einer Auffrischung alle 10 Jahre, wird dieses M\u00f6belst\u00fcck Charakter entwickeln und seine strukturelle Integrit\u00e4t \u00fcber Generationen hinweg bewahren.<\/p>\n<p class=\"whitespace-normal break-words\">Die Grande Helva steht f\u00fcr hochwertige Handwerkskunst und nachhaltige Materialien in einem Design, das Trends \u00fcberdauert.<\/p>\n<\/div>\n<\/div>\n<\/div>\n<\/div>\n<\/div>\n<p>[\/vc_column_text][\/vc_tab][vc_tab gutter_size=&#8220;2&#8243; column_padding=&#8220;2&#8243; title=&#8220;Spezifikationen&#8220; tab_id=&#8220;1753458908-2-55&#8243;][vc_column_text text_color=&#8220;color-jevc&#8220; uncode_shortcode_id=&#8220;503334&#8243; text_color_type=&#8220;uncode-palette&#8220;]<\/p>\n<p class=\"whitespace-normal break-words\"><strong>Abmessungen<\/strong><\/p>\n<ul class=\"[&amp;:not(:last-child)_ul]:pb-1 [&amp;:not(:last-child)_ol]:pb-1 list-disc space-y-1.5 pl-7\">\n<li class=\"whitespace-normal break-words\">L\u00e4nge: 70 cm<\/li>\n<li class=\"whitespace-normal break-words\">Breite: 31 cm<\/li>\n<li class=\"whitespace-normal break-words\">H\u00f6he: 24,3 cm<\/li>\n<\/ul>\n<p class=\"whitespace-normal break-words\"><strong>Materialien<\/strong><\/p>\n<ul class=\"[&amp;:not(:last-child)_ul]:pb-1 [&amp;:not(:last-child)_ol]:pb-1 list-disc space-y-1.5 pl-7\">\n<li class=\"whitespace-normal break-words\">Holz: Zertifizierte Schweizer Eiche<\/li>\n<li class=\"whitespace-normal break-words\">Holzst\u00e4rke: 28 mm (Tischplatte und Beine)<\/li>\n<li class=\"whitespace-normal break-words\">Oberfl\u00e4che: Transparenter Mattlack (farblos)<\/li>\n<\/ul>\n<p class=\"whitespace-normal break-words\"><strong>Herkunft und Handwerkskunst<\/strong><\/p>\n<ul class=\"[&amp;:not(:last-child)_ul]:pb-1 [&amp;:not(:last-child)_ol]:pb-1 list-disc space-y-1.5 pl-7\">\n<li class=\"whitespace-normal break-words\">Holzherkunft: S\u00e4gerei Dutoit, Chavornay, Schweiz<\/li>\n<li class=\"whitespace-normal break-words\">Herstellung: Handgefertigt in Lausanne, Schweiz<\/li>\n<li class=\"whitespace-normal break-words\">Zertifizierung: Zertifizierte Schweizer Forstwirtschaft<\/li>\n<\/ul>\n<p class=\"whitespace-normal break-words\"><strong>Pflegehinweise<\/strong><\/p>\n<ul class=\"[&amp;:not(:last-child)_ul]:pb-1 [&amp;:not(:last-child)_ol]:pb-1 list-disc space-y-1.5 pl-7\">\n<li class=\"whitespace-normal break-words\">Mit einem weichen, trockenen Tuch reinigen<\/li>\n<li class=\"whitespace-normal break-words\">Untersetzer f\u00fcr hei\u00dfe Gegenst\u00e4nde verwenden<\/li>\n<li class=\"whitespace-normal break-words\">Direkte Sonneneinstrahlung \u00fcber l\u00e4ngere Zeitr\u00e4ume vermeiden<\/li>\n<li class=\"whitespace-normal break-words\">Die Holzoberfl\u00e4che alle 10 Jahre f\u00fcr optimalen Schutz neu auftragen<\/li>\n<\/ul>\n<p class=\"whitespace-normal break-words\"><strong>Produktdetails<\/strong><\/p>\n<ul class=\"[&amp;:not(:last-child)_ul]:pb-1 [&amp;:not(:last-child)_ol]:pb-1 list-disc space-y-1.5 pl-7\">\n<li class=\"whitespace-normal break-words\">Gewicht: 30 kg<\/li>\n<li class=\"whitespace-normal break-words\">Konstruktion: Vollst\u00e4ndige Massivholzkonstruktion<\/li>\n<li class=\"whitespace-normal break-words\">Montage: Wird vollst\u00e4ndig montiert geliefert<\/li>\n<li class=\"whitespace-normal break-words\">Garantie: 5 Jahre Handwerksgarantie<\/li>\n<\/ul>\n<p class=\"whitespace-normal break-words\"><strong>Nachhaltigkeit<\/strong><\/p>\n<ul class=\"[&amp;:not(:last-child)_ul]:pb-1 [&amp;:not(:last-child)_ol]:pb-1 list-disc space-y-1.5 pl-7\">\n<li class=\"whitespace-normal break-words\">Materialien aus lokaler Herkunft (im Umkreis von 100 km)<\/li>\n<li class=\"whitespace-normal break-words\">Oberfl\u00e4chenbehandlung mit geringer Umweltbelastung<\/li>\n<li class=\"whitespace-normal break-words\">F\u00fcr den generationen\u00fcbergreifenden Gebrauch konzipiert<\/li>\n<\/ul>\n<p>[\/vc_column_text][\/vc_tab][\/vc_tabs][\/vc_column][\/vc_row][vc_row][vc_column width=&#8220;1\/1&#8243;][\/vc_column][\/vc_row]<\/p>\n<\/div>","protected":false},"excerpt":{"rendered":"<p>[vc_row unlock_row_content=&#8220;yes&#8220; row_height_percent=&#8220;0&#8243; overlay_alpha=&#8220;50&#8243; gutter_size=&#8220;3&#8243; column_width_percent=&#8220;100&#8243; shift_y=&#8220;0&#8243; z_index=&#8220;0&#8243; content_parallax=&#8220;0&#8243; uncode_shortcode_id=&#8220;706609&#8243;][vc_column width=&#8220;1\/1&#8243;][\/vc_column][\/vc_row][vc_row][vc_column column_width_percent=&#8220;60&#8243; gutter_size=&#8220;3&#8243; overlay_alpha=&#8220;50&#8243; shift_x=&#8220;0&#8243; shift_y=&#8220;0&#8243; shift_y_down=&#8220;0&#8243; z_index=&#8220;0&#8243; medium_width=&#8220;0&#8243; mobile_width=&#8220;0&#8243; [&hellip;]<\/p>\n","protected":false},"author":1,"featured_media":0,"parent":0,"menu_order":0,"comment_status":"closed","ping_status":"closed","template":"","meta":{"footnotes":""},"class_list":["post-980","page","type-page","status-publish","hentry"],"_links":{"self":[{"href":"https:\/\/helvadesign.ch\/de\/wp-json\/wp\/v2\/pages\/980","targetHints":{"allow":["GET"]}}],"collection":[{"href":"https:\/\/helvadesign.ch\/de\/wp-json\/wp\/v2\/pages"}],"about":[{"href":"https:\/\/helvadesign.ch\/de\/wp-json\/wp\/v2\/types\/page"}],"author":[{"embeddable":true,"href":"https:\/\/helvadesign.ch\/de\/wp-json\/wp\/v2\/users\/1"}],"replies":[{"embeddable":true,"href":"https:\/\/helvadesign.ch\/de\/wp-json\/wp\/v2\/comments?post=980"}],"version-history":[{"count":10,"href":"https:\/\/helvadesign.ch\/de\/wp-json\/wp\/v2\/pages\/980\/revisions"}],"predecessor-version":[{"id":998,"href":"https:\/\/helvadesign.ch\/de\/wp-json\/wp\/v2\/pages\/980\/revisions\/998"}],"wp:attachment":[{"href":"https:\/\/helvadesign.ch\/de\/wp-json\/wp\/v2\/media?parent=980"}],"curies":[{"name":"wp","href":"https:\/\/api.w.org\/{rel}","templated":true}]}}