{"id":989,"date":"2025-07-18T12:04:57","date_gmt":"2025-07-18T12:04:57","guid":{"rendered":"https:\/\/helvadesign.ch\/product\/die-kleine-helva"},"modified":"2025-07-18T12:04:57","modified_gmt":"2025-07-18T12:04:57","slug":"die-kleine-helva","status":"publish","type":"product","link":"https:\/\/helvadesign.ch\/de\/product\/die-kleine-helva","title":{"rendered":"DIE KLEINE HELVA"},"content":{"rendered":"","protected":false},"excerpt":{"rendered":"<p>Kompakt und doch robust, gefertigt aus derselben massiven Schweizer Eiche wie unsere Gro\u00dfe Helva. Ideal f\u00fcr intime R\u00e4ume, Leseecken oder als elegantes Akzentst\u00fcck. Dieselbe authentische Konstruktion und nat\u00fcrliche Oberfl\u00e4che in einem pers\u00f6nlicheren Ma\u00dfstab.  <\/p>\n","protected":false},"featured_media":81,"template":"","meta":[],"product_brand":[27],"product_cat":[78],"product_tag":[79],"class_list":{"0":"post-989","1":"product","2":"type-product","3":"status-publish","4":"has-post-thumbnail","6":"product_brand-helva","7":"product_cat-die-kleine-helva","8":"product_tag-die-kleine-helva","10":"first","11":"instock","12":"shipping-taxable","13":"purchasable","14":"product-type-simple"},"_links":{"self":[{"href":"https:\/\/helvadesign.ch\/de\/wp-json\/wp\/v2\/product\/989","targetHints":{"allow":["GET"]}}],"collection":[{"href":"https:\/\/helvadesign.ch\/de\/wp-json\/wp\/v2\/product"}],"about":[{"href":"https:\/\/helvadesign.ch\/de\/wp-json\/wp\/v2\/types\/product"}],"wp:featuredmedia":[{"embeddable":true,"href":"https:\/\/helvadesign.ch\/de\/wp-json\/wp\/v2\/media\/81"}],"wp:attachment":[{"href":"https:\/\/helvadesign.ch\/de\/wp-json\/wp\/v2\/media?parent=989"}],"wp:term":[{"taxonomy":"product_brand","embeddable":true,"href":"https:\/\/helvadesign.ch\/de\/wp-json\/wp\/v2\/product_brand?post=989"},{"taxonomy":"product_cat","embeddable":true,"href":"https:\/\/helvadesign.ch\/de\/wp-json\/wp\/v2\/product_cat?post=989"},{"taxonomy":"product_tag","embeddable":true,"href":"https:\/\/helvadesign.ch\/de\/wp-json\/wp\/v2\/product_tag?post=989"}],"curies":[{"name":"wp","href":"https:\/\/api.w.org\/{rel}","templated":true}]}}